{"id":2,"date":"2017-09-25T15:29:00","date_gmt":"2017-09-25T15:29:00","guid":{"rendered":"http:\/\/www.darkreflex.com\/dark\/?page_id=2"},"modified":"2024-01-18T19:24:29","modified_gmt":"2024-01-18T18:24:29","slug":"a-propos","status":"publish","type":"page","link":"https:\/\/www.darkreflex.com\/dark\/a-propos\/","title":{"rendered":"Photographe bondage, shibari, \u00e0 Gen\u00e8ve \/ A propos"},"content":{"rendered":"<p>[vc_row][vc_column][vc_separator style=&#8221;shadow&#8221;][vc_empty_space height=&#8221;50px&#8221;][\/vc_column][\/vc_row][vc_row][vc_column width=&#8221;2\/3&#8243;][vc_column_text]<img loading=\"lazy\" decoding=\"async\" class=\"alignnone size-medium wp-image-6\" src=\"https:\/\/darkreflex.com\/dark\/wp-content\/uploads\/2017\/09\/DR-Banner-300x74.png\" alt=\"\" width=\"300\" height=\"74\" srcset=\"https:\/\/www.darkreflex.com\/dark\/wp-content\/uploads\/2017\/09\/DR-Banner-300x74.png 300w, https:\/\/www.darkreflex.com\/dark\/wp-content\/uploads\/2017\/09\/DR-Banner-768x189.png 768w, https:\/\/www.darkreflex.com\/dark\/wp-content\/uploads\/2017\/09\/DR-Banner-1024x252.png 1024w, https:\/\/www.darkreflex.com\/dark\/wp-content\/uploads\/2017\/09\/DR-Banner.png 1797w\" sizes=\"auto, (max-width: 300px) 100vw, 300px\" \/><\/p>\n<h2>a dark refleXion of our dark side<\/h2>\n<p><strong><em>Que dire ?<\/em><\/strong><br \/>\n<strong><em>On ne parle pas de certaines choses.<\/em><\/strong><br \/>\n<strong><em>Certains fantasmes ne s&#8217;expriment pas,<\/em><\/strong><br \/>\n<strong><em>jusqu&#8217;au jour o\u00f9.<\/em><\/strong><br \/>\n<strong><em>La nature nous a donn\u00e9 de quoi nous satisfaire,<\/em><\/strong><br \/>\n<strong><em>cherchons comment.<\/em><\/strong><br \/>\n<strong><em>La nature nous a fait avec certaines envies,<\/em><\/strong><br \/>\n<strong><em>c&#8217;est \u00e9crit, faisons avec.<\/em><\/strong><br \/>\n<strong><em>Devions nous avoir honte de nos folies?<\/em><\/strong><br \/>\n<strong><em>Honte de notre c\u00f4t\u00e9 obscure?<\/em><\/strong><br \/>\n<strong><em>Jouant avec l&#8217;ombre et la lumi\u00e8re je mets ici une part du mien,<\/em><\/strong><br \/>\n<strong><em>une partie de ceux qui m&#8217;ont rejoint,<\/em><\/strong><br \/>\n<strong><em>Quelques heures de partage r\u00e9sum\u00e9 en quelques images.<\/em><\/strong><br \/>\n<strong><em>Vous y trouverez-vous un \u00e9cho de vos envies?<\/em><\/strong><br \/>\n<strong><em>Peut-\u00eatre \u00eates-vous sur le m\u00eame chemin&#8230;<br \/>\n<\/em><\/strong><strong><em>quelque part entre les ombres.<\/em><\/strong><\/p>\n<p><strong><em>Fouillez mes ombres!<\/em><\/strong><\/p>\n<p><strong><em>Et si vous souhaitez me rejoindre sur cette route,\u00a0<\/em><\/strong><br \/>\n<strong><em>contactez-moi!<\/em><\/strong>[\/vc_column_text][\/vc_column][vc_column width=&#8221;1\/3&#8243;][vc_single_image image=&#8221;91&#8243; img_size=&#8221;large&#8221;][\/vc_column][\/vc_row][vc_row][vc_column][vc_empty_space height=&#8221;50px&#8221;][vc_separator style=&#8221;shadow&#8221;][vc_empty_space height=&#8221;50px&#8221;][\/vc_column][\/vc_row][vc_row][vc_column width=&#8221;1\/3&#8243;][vc_single_image image=&#8221;839&#8243; img_size=&#8221;large&#8221;][\/vc_column][vc_column width=&#8221;2\/3&#8243;][vc_column_text]<\/p>\n<h2>Qualit\u00e9 des photos<\/h2>\n<p>La plupart des photos sur ce site ne sont pas retouch\u00e9es.<\/p>\n<p>Comme je n&#8217;ai pas l&#8217;envie de transformer les gens en ce qui ne sont pas, ni le temps, je pr\u00e9f\u00e8re faire mes photos &#8220;propres&#8221; et masquer a l&#8217;aide d&#8217;outils rapide certains points pas trop \u00e9l\u00e9gants, ou parfois des tatoo, grains de beaut\u00e9 ou autre \u00e9l\u00e9ments personnels trop reconnaissables.<\/p>\n<p>Personne n&#8217;est parfait, je pr\u00e9f\u00e8re rechercher la beaut\u00e9 de l&#8217;ensemble, et parfois raconter de &#8220;petites histoires&#8221; avec plusieurs photos plut\u00f4t que d&#8217;en retoucher une \u00e0 fond, aussi vous verrez ici des &#8220;d\u00e9faut&#8221; :-)[\/vc_column_text][\/vc_column][\/vc_row][vc_row][vc_column][vc_empty_space height=&#8221;50px&#8221;][vc_empty_space height=&#8221;50px&#8221;][\/vc_column][\/vc_row][vc_row][vc_column width=&#8221;2\/3&#8243;][vc_column_text]<\/p>\n<h2>Poser&#8230;<\/h2>\n<p>Photographe professionnel \u00e0 Gen\u00e8ve depuis plusieurs ann\u00e9e, j&#8217;expose ici mon c\u00f4t\u00e9 sombre. Je vous garantis de par mon m\u00e9tier une discr\u00e9tion absolue, le respect et la discr\u00e9tion doivent \u00eatre mutuels.<\/p>\n<p>Si vous souhaitez \u00eatre pris en photo par moi, 2 options:<\/p>\n<p>&nbsp;<\/p>\n<h2>Public<\/h2>\n<p>devenir photo mod\u00e8le le temps d&#8217;un moment, une fois ou plusieurs, selon entente \ud83d\ude42<\/p>\n<ul>\n<li style=\"list-style-type: none;\">\n<ul>\n<li><span style=\"color: #ffcc99;\"><strong>pour femmes<\/strong> (\u00e9ventuellement couple)<\/span><\/li>\n<li><span style=\"color: #ffcc99;\">uniquement des th\u00e8mes BDSM, soumission, bondage, Shibari, \u00e9rotique et Porno-chic&#8230; (on vois quand m\u00eame ensemble ce que vous souhaitez faire) \ud83d\ude42<\/span><\/li>\n<li><span style=\"color: #ffcc99;\">\u00e9change de photos contre votre temps<\/span><\/li>\n<li><span style=\"color: #ffcc99;\">je fournis beaucoup de photos<\/span><\/li>\n<li><span style=\"color: #ffcc99;\">publications de photos<\/span><\/li>\n<li><span style=\"color: #ffcc99;\">anonymat respect\u00e9 (en fonction de ce que vous souhaitez)<\/span><\/li>\n<\/ul>\n<\/li>\n<\/ul>\n<p>&nbsp;<\/p>\n<h2>Priv\u00e9<\/h2>\n<p>Vous payez votre s\u00e9ance:<\/p>\n<ul>\n<li style=\"list-style-type: none;\">\n<ul>\n<li><span style=\"color: #ffcc99;\">aucune publication<\/span><\/li>\n<li><span style=\"color: #ffcc99;\">dans un lieux de votre choix, domicile, h\u00f4tel, nature<\/span><\/li>\n<li><span style=\"color: #ffcc99;\">femmes, hommes, couples, aucune restriction (si ce n&#8217;est de respecter la loi)<\/span><\/li>\n<li><span style=\"color: #ffcc99;\">je vous fournirai une grande s\u00e9lection de photos trait\u00e9es (ajustement de lumi\u00e8re, recadrage)<\/span><\/li>\n<li><span style=\"color: #ffcc99;\">je vous garantis la discr\u00e9tion qui s&#8217;impose, de conserver en s\u00e9curit\u00e9 vos photos, mais sur simple demande je d\u00e9truirai les originaux apr\u00e8s traitement.<\/span><\/li>\n<li><span style=\"color: #ffcc99;\">possibilit\u00e9 de petit clips vid\u00e9o \u00e9galement<\/span><\/li>\n<\/ul>\n<\/li>\n<\/ul>\n<p>&nbsp;<\/p>\n<h2>Et sans photos ou sans publication ?<\/h2>\n<p>Des fantasmes exhibitionnistes? Jamais \u00e9t\u00e9 attach\u00e9e ? Envie d&#8217;essayer sans faire de photos ? Ou de vous l\u00e2cher devant un appareil mais sans \u00eatre sure d&#8217;avoir envie de laisser publier ?<\/p>\n<ul>\n<li style=\"list-style-type: none;\">\n<ul>\n<li><span style=\"color: #ffcc99;\"><strong>pour femmes<\/strong><\/span><\/li>\n<li><span style=\"color: #ffcc99;\">BDSM, soumission, bondage, Shibari, sextoys, \u00e9rotique et hard<\/span><\/li>\n<li><span style=\"color: #ffcc99;\">je vous attache et manipule dans les limites discut\u00e9es avant.\u00a0<\/span><\/li>\n<li><span style=\"color: #ffcc99;\">je vous prend parfois en photos (ou bcp selon) et vous d\u00e9ciderez \u00e0 la fin ce que je fait avec.\u00a0<\/span><\/li>\n<li><span style=\"color: #ffcc99;\">ici l&#8217;\u00e9change est en premier lieu une exp\u00e9rience, avec en bonus un \u00e9ventuel souvenir photo.\u00a0<\/span><\/li>\n<\/ul>\n<\/li>\n<\/ul>\n<p>&nbsp;<\/p>\n<h2>Ne soyez pas timide<\/h2>\n<p>Contactez moi.<\/p>\n<p>Je n&#8217;ai aucun soucis avec les fantasmes de chacun, je suis tr\u00e8s ouvert d&#8217;esprit. A ma connaissance je n&#8217;ai pas de soucis avec la sexualit\u00e9 quelqu&#8217;elle soit, et je ne juge pas des go\u00fbts de chacun. Mais si vous avez en t\u00eate quelque chose de vraiment sp\u00e9cial, (je n&#8217;ai pas la pr\u00e9tention d&#8217;avoir tout vu ni de tout conna\u00eetre), et que vous pensez que \u00e7a pourrait me g\u00eaner, faites m&#8217;en part avant pour \u00e9viter tout malaise pendant la s\u00e9ance.<\/p>\n<p>Et si ce n&#8217;\u00e9tait pas encore clair, je pr\u00e9cise, <strong>je ne paie pas les personnes posant pour moi<\/strong>.<\/p>\n<p>&nbsp;<\/p>\n<p><a href=\"https:\/\/t.me\/darkreflex\" target=\"_blank\" rel=\"noopener\"><img loading=\"lazy\" decoding=\"async\" class=\"alignnone size-thumbnail wp-image-2713\" src=\"https:\/\/www.darkreflex.com\/dark\/wp-content\/uploads\/2023\/02\/telegram-150x150.png\" alt=\"\" width=\"50\" height=\"50\" \/><\/a> Pour discuter directement avec moi &#8230; contactez moi sur <a href=\"https:\/\/t.me\/darkreflex\" target=\"_blank\" rel=\"noopener\">Telegram<\/a>[\/vc_column_text][\/vc_column][vc_column width=&#8221;1\/3&#8243; css=&#8221;.vc_custom_1506690082750{background-color: #1c1c1c !important;}&#8221;][vc_empty_space]\n<div class=\"wpcf7 no-js\" id=\"wpcf7-f101-o1\" lang=\"fr-FR\" dir=\"ltr\" data-wpcf7-id=\"101\">\n<div class=\"screen-reader-response\"><p role=\"status\" aria-live=\"polite\" aria-atomic=\"true\"><\/p> <ul><\/ul><\/div>\n<form action=\"\/dark\/wp-json\/wp\/v2\/pages\/2#wpcf7-f101-o1\" method=\"post\" class=\"wpcf7-form init\" aria-label=\"Formulaire de contact\" enctype=\"multipart\/form-data\" novalidate=\"novalidate\" data-status=\"init\">\n<fieldset class=\"hidden-fields-container\"><input type=\"hidden\" name=\"_wpcf7\" value=\"101\" \/><input type=\"hidden\" name=\"_wpcf7_version\" value=\"6.1.4\" \/><input type=\"hidden\" name=\"_wpcf7_locale\" value=\"fr_FR\" \/><input type=\"hidden\" name=\"_wpcf7_unit_tag\" value=\"wpcf7-f101-o1\" \/><input type=\"hidden\" name=\"_wpcf7_container_post\" value=\"0\" \/><input type=\"hidden\" name=\"_wpcf7_posted_data_hash\" value=\"\" \/>\n<\/fieldset>\n<p><label> Pr\u00e9nom (ou surnom)<br \/>\n<span class=\"wpcf7-form-control-wrap\" data-name=\"your-name\"><input size=\"40\" maxlength=\"400\" class=\"wpcf7-form-control wpcf7-text wpcf7-validates-as-required\" aria-required=\"true\" aria-invalid=\"false\" value=\"\" type=\"text\" name=\"your-name\" \/><\/span> <\/label>\n<\/p>\n<p><label> Votre e-mail<br \/>\n<span class=\"wpcf7-form-control-wrap\" data-name=\"your-email\"><input size=\"40\" maxlength=\"400\" class=\"wpcf7-form-control wpcf7-email wpcf7-validates-as-required wpcf7-text wpcf7-validates-as-email\" aria-required=\"true\" aria-invalid=\"false\" value=\"\" type=\"email\" name=\"your-email\" \/><\/span> <\/label>\n<\/p>\n<p><label><br \/>\nS\u00e9ance type<br \/>\n<span class=\"wpcf7-form-control-wrap\" data-name=\"your-shoot\"><select class=\"wpcf7-form-control wpcf7-select wpcf7-validates-as-required\" aria-required=\"true\" aria-invalid=\"false\" name=\"your-shoot\"><option value=\"\">&#8212;Veuillez choisir une option&#8212;<\/option><option value=\"Priv\u00e9e\">Priv\u00e9e<\/option><option value=\"Publique (joindre photos)\">Publique (joindre photos)<\/option><option value=\"J h\u00e9site\">J h\u00e9site<\/option><option value=\"juste un renseignement\">juste un renseignement<\/option><\/select><\/span><br \/>\n<\/label>\n<\/p>\n<p><label> Votre message<br \/>\n<span class=\"wpcf7-form-control-wrap\" data-name=\"your-message\"><textarea cols=\"40\" rows=\"10\" maxlength=\"2000\" class=\"wpcf7-form-control wpcf7-textarea wpcf7-validates-as-required\" aria-required=\"true\" aria-invalid=\"false\" name=\"your-message\"><\/textarea><\/span> <\/label>\n<\/p>\n<p>Anti Spam: <span class=\"wpcf7-form-control-wrap\" data-name=\"quiz-571\"><label><span class=\"wpcf7-quiz-label\">trois plus sept \u00e9gal<\/span> <input size=\"40\" class=\"wpcf7-form-control wpcf7-quiz\" autocomplete=\"off\" aria-required=\"true\" aria-invalid=\"false\" type=\"text\" name=\"quiz-571\" \/><\/label><input type=\"hidden\" name=\"_wpcf7_quiz_answer_quiz-571\" value=\"838eca6a5e6cf37a1c2b845137d0b6a2\" \/><\/span>\n<\/p>\n<p>Vous pouvez joindre directement des photos si vous souhaitez poser pour moi (pas en trop grosse r\u00e9solution pour \u00e9viter que le formulaire mettre trop de temps a partir). Si vous n'\u00eates pas sure envoyez directement un mail \u00e0 l'adresse indiqu\u00e9e en haut a droite du site.\n<\/p>\n<p>Jpg, jpeg & png uniquement!!\n<\/p>\n<p><span class=\"wpcf7-form-control-wrap\" data-name=\"file-361\"><input size=\"40\" class=\"wpcf7-form-control wpcf7-file\" accept=\".jpg,.jpeg,.png\" aria-invalid=\"false\" type=\"file\" name=\"file-361\" \/><\/span><br \/>\n<span class=\"wpcf7-form-control-wrap\" data-name=\"file-362\"><input size=\"40\" class=\"wpcf7-form-control wpcf7-file\" accept=\".jpg,.jpeg,.png\" aria-invalid=\"false\" type=\"file\" name=\"file-362\" \/><\/span><br \/>\n<span class=\"wpcf7-form-control-wrap\" data-name=\"file-363\"><input size=\"40\" class=\"wpcf7-form-control wpcf7-file\" accept=\".jpg,.jpeg,.png\" aria-invalid=\"false\" type=\"file\" name=\"file-363\" \/><\/span><br \/>\n<span class=\"wpcf7-form-control-wrap\" data-name=\"file-364\"><input size=\"40\" class=\"wpcf7-form-control wpcf7-file\" accept=\".jpg,.jpeg,.png\" aria-invalid=\"false\" type=\"file\" name=\"file-364\" \/><\/span>\n<\/p>\n<p><input class=\"wpcf7-form-control wpcf7-submit has-spinner\" type=\"submit\" value=\"Envoyer\" \/>\n<\/p><div class=\"wpcf7-response-output\" aria-hidden=\"true\"><\/div>\n<\/form>\n<\/div>\n[\/vc_column][\/vc_row][vc_row][vc_column][vc_empty_space height=&#8221;50px&#8221;][vc_column_text]S\u00e9ance photo BDSM \/ photos BDSM \/ BDSM \/ SM \/ Bondage \/ S\u00e9ance photo bondage \/ bondage avec cuire \/ bondage avec chaines \/ bondage avec cordes \/ fouet \/ cravache \/ martinet \/ spank \/ spanking \/ fess\u00e9e \/ lani\u00e8res en cuire \/ vinyle \/ cuissardes \/ bottes \/ talons hauts \/ f\u00e9tish \/ foot-fetish \/ pieds \/ ballets \/ slace \/ esclave \/ ramper \/ l\u00e9cher \/ b\u00e2illon \/ gagball \/ b\u00e2illon boule \/ baver \/ Shibari \/ cordes en chanvre \/ cordes pour Shibari \/ cordes de couleur \/ suspension \/\u00a0Bitch \/ \u00c9changisme \/ Exhibitionnisme \/ Fellation \/ Pipe \/ Turlutte \/ Bisexualit\u00e9 \/ F\u00e9tichisme \/ Libertine \/ Libertines \/ libertin \/ Couple libertin \/ Bandeau \/ Bottom \/ Boules de geisha \/ sextoys \/ toys \/ plug \/ Collants \/ bas \/ bas r\u00e9sille \/ dentelle \/ Domination \/ Soumission \/ Maitre \/ master \/ Esclave \/ Slave \/ Switch \/ Anulingus \/ Cunilingus \/ Cuni \/ langue \/ Cyprine \/ Fantasme \/ Fantasmes \/ Gode \/ Godemich\u00e9 \/ Masturbation \/ Kama sutra \/ Branlette \/ Piercing \/ dilatiation \/ baguettes \/ cage \/ ring \/ anneaux \/ Shaving \/ rasage \/ raser \/ \u00e9pilation \/ vanille \/ Bunny \/ Impact Play \/ Roulette de Wartenberg \/ &#8230;[\/vc_column_text][\/vc_column][\/vc_row]<\/p>\n","protected":false},"excerpt":{"rendered":"<p>[vc_row][vc_column][vc_separator style=&#8221;shadow&#8221;][vc_empty_space height=&#8221;50px&#8221;][\/vc_column][\/vc_row][vc_row][vc_column width=&#8221;2\/3&#8243;][vc_column_text] a dark refleXion of our dark side Que dire ? On ne parle pas de certaines choses. Certains fantasmes ne s&#8217;expriment pas, jusqu&#8217;au jour o\u00f9. La nature nous a donn\u00e9 de quoi nous satisfaire, cherchons comment. La nature nous a fait avec certaines envies, c&#8217;est \u00e9crit, faisons avec. Devions nous avoir [&hellip;]<\/p>\n","protected":false},"author":1,"featured_media":0,"parent":0,"menu_order":0,"comment_status":"closed","ping_status":"closed","template":"page-nosidebar.php","meta":{"footnotes":""},"class_list":["post-2","page","type-page","status-publish","hentry"],"_links":{"self":[{"href":"https:\/\/www.darkreflex.com\/dark\/wp-json\/wp\/v2\/pages\/2","targetHints":{"allow":["GET"]}}],"collection":[{"href":"https:\/\/www.darkreflex.com\/dark\/wp-json\/wp\/v2\/pages"}],"about":[{"href":"https:\/\/www.darkreflex.com\/dark\/wp-json\/wp\/v2\/types\/page"}],"author":[{"embeddable":true,"href":"https:\/\/www.darkreflex.com\/dark\/wp-json\/wp\/v2\/users\/1"}],"replies":[{"embeddable":true,"href":"https:\/\/www.darkreflex.com\/dark\/wp-json\/wp\/v2\/comments?post=2"}],"version-history":[{"count":13,"href":"https:\/\/www.darkreflex.com\/dark\/wp-json\/wp\/v2\/pages\/2\/revisions"}],"predecessor-version":[{"id":2807,"href":"https:\/\/www.darkreflex.com\/dark\/wp-json\/wp\/v2\/pages\/2\/revisions\/2807"}],"wp:attachment":[{"href":"https:\/\/www.darkreflex.com\/dark\/wp-json\/wp\/v2\/media?parent=2"}],"curies":[{"name":"wp","href":"https:\/\/api.w.org\/{rel}","templated":true}]}}