{"id":22,"date":"2017-09-25T14:18:08","date_gmt":"2017-09-25T14:18:08","guid":{"rendered":"http:\/\/www.darkreflex.com\/dark\/?page_id=22"},"modified":"2017-12-25T16:22:16","modified_gmt":"2017-12-25T16:22:16","slug":"le-journal","status":"publish","type":"page","link":"https:\/\/www.darkreflex.com\/dark\/le-journal\/","title":{"rendered":"Le journal"},"content":{"rendered":"<p>[vc_row][vc_column][vc_column_text]<\/p>\n<h2 style=\"text-align: center;\">AVERTISSEMENT<\/h2>\n<p style=\"text-align: center;\">Ce site est\u00a0r\u00e9serv\u00e9 \u00e0 un <strong>public ADULTE\u00a0<\/strong>et avertis! Il contient des photographie sur le bondage, domination, soumission, et autre pratiques li\u00e9es \u00e0 l&#8217;\u00e9rotisme\/sexualit\u00e9.<\/p>\n<p style=\"text-align: center;\">Si vous n&#8217;avez\u00a0<strong>pas l&#8217;\u00e2ge l\u00e9gal<\/strong>\u00a0pour visionner ce type d&#8217;image ou si ce type d&#8217;image peut vous\u00a0choquer, <strong><em><a href=\"http:\/\/www.google.com\/\">cliquez ici pour quitter ce site<\/a><\/em><\/strong>, merci.<\/p>\n<p>[\/vc_column_text][vc_masonry_grid post_type=&#8221;post&#8221; max_items=&#8221;-1&#8243; style=&#8221;lazy&#8221; item=&#8221;masonryGrid_BlurOut&#8221; grid_id=&#8221;vc_gid:1514218868275-f786de22-5135-10&#8243;][\/vc_column][\/vc_row]<\/p>\n","protected":false},"excerpt":{"rendered":"<p>[vc_row][vc_column][vc_column_text] AVERTISSEMENT Ce site est\u00a0r\u00e9serv\u00e9 \u00e0 un public ADULTE\u00a0et avertis! Il contient des photographie sur le bondage, domination, soumission, et autre pratiques li\u00e9es \u00e0 l&#8217;\u00e9rotisme\/sexualit\u00e9. Si vous n&#8217;avez\u00a0pas l&#8217;\u00e2ge l\u00e9gal\u00a0pour visionner ce type d&#8217;image ou si ce type d&#8217;image peut vous\u00a0choquer, cliquez ici pour quitter ce site, merci. [\/vc_column_text][vc_masonry_grid post_type=&#8221;post&#8221; max_items=&#8221;-1&#8243; style=&#8221;lazy&#8221; item=&#8221;masonryGrid_BlurOut&#8221; grid_id=&#8221;vc_gid:1514218868275-f786de22-5135-10&#8243;][\/vc_column][\/vc_row]<\/p>\n","protected":false},"author":1,"featured_media":0,"parent":0,"menu_order":0,"comment_status":"closed","ping_status":"closed","template":"page-fullwidth.php","meta":{"footnotes":""},"class_list":["post-22","page","type-page","status-publish","hentry"],"_links":{"self":[{"href":"https:\/\/www.darkreflex.com\/dark\/wp-json\/wp\/v2\/pages\/22","targetHints":{"allow":["GET"]}}],"collection":[{"href":"https:\/\/www.darkreflex.com\/dark\/wp-json\/wp\/v2\/pages"}],"about":[{"href":"https:\/\/www.darkreflex.com\/dark\/wp-json\/wp\/v2\/types\/page"}],"author":[{"embeddable":true,"href":"https:\/\/www.darkreflex.com\/dark\/wp-json\/wp\/v2\/users\/1"}],"replies":[{"embeddable":true,"href":"https:\/\/www.darkreflex.com\/dark\/wp-json\/wp\/v2\/comments?post=22"}],"version-history":[{"count":0,"href":"https:\/\/www.darkreflex.com\/dark\/wp-json\/wp\/v2\/pages\/22\/revisions"}],"wp:attachment":[{"href":"https:\/\/www.darkreflex.com\/dark\/wp-json\/wp\/v2\/media?parent=22"}],"curies":[{"name":"wp","href":"https:\/\/api.w.org\/{rel}","templated":true}]}}