{"id":225,"date":"2017-09-28T16:51:29","date_gmt":"2017-09-28T16:51:29","guid":{"rendered":"http:\/\/www.darkreflex.com\/dark\/?page_id=225"},"modified":"2023-04-02T16:36:44","modified_gmt":"2023-04-02T15:36:44","slug":"demande-acces-galeries-privee","status":"publish","type":"page","link":"https:\/\/www.darkreflex.com\/dark\/demande-acces-galeries-privee\/","title":{"rendered":"Demande d&#8217;acc\u00e8s galeries priv\u00e9es"},"content":{"rendered":"<p>[vc_row][vc_column width=&#8221;2\/3&#8243;][vc_column_text]<img loading=\"lazy\" decoding=\"async\" class=\"alignnone size-medium wp-image-6\" src=\"https:\/\/darkreflex.com\/dark\/wp-content\/uploads\/2017\/09\/DR-Banner-300x74.png\" alt=\"\" width=\"300\" height=\"74\" srcset=\"https:\/\/www.darkreflex.com\/dark\/wp-content\/uploads\/2017\/09\/DR-Banner-300x74.png 300w, https:\/\/www.darkreflex.com\/dark\/wp-content\/uploads\/2017\/09\/DR-Banner-768x189.png 768w, https:\/\/www.darkreflex.com\/dark\/wp-content\/uploads\/2017\/09\/DR-Banner-1024x252.png 1024w, https:\/\/www.darkreflex.com\/dark\/wp-content\/uploads\/2017\/09\/DR-Banner.png 1797w\" sizes=\"auto, (max-width: 300px) 100vw, 300px\" \/><\/p>\n<h2>a dark refleXion of our dark side<\/h2>\n<p><b><i>Vous souhaitez acc\u00e9der aux\u00a0 galeries priv\u00e9es ?<\/i><\/b><\/p>\n<p><strong><em>Demandez un acc\u00e8s aux galeries en fonction des points ci-dessous.<\/em><\/strong><\/p>\n<p><strong><em>Si vous avez pos\u00e9 pour moi: prouvez-le.<\/em><\/strong><\/p>\n<p><strong><em>Si\u00a0 vous avez pris un cours, pay\u00e9 un service: prouvez-le.<\/em><\/strong><\/p>\n<p><strong><em>Si vous souhaitez obtenir un acc\u00e8s en faisant un versement par paypal, faites une offre pour un acc\u00e8s de 1 an.<\/em><\/strong><\/p>\n<p><strong><em>Je vous garantis l&#8217;anonymat, votre adresse mail ne sera pas utilis\u00e9e \u00e0 quoique ce soit ni transmise.<br \/>\n<\/em><\/strong>[\/vc_column_text][\/vc_column][vc_column width=&#8221;1\/3&#8243;][vc_single_image image=&#8221;26&#8243; img_size=&#8221;large&#8221;][\/vc_column][\/vc_row][vc_row][vc_column][vc_separator style=&#8221;shadow&#8221;][\/vc_column][\/vc_row][vc_row gap=&#8221;20&#8243;][vc_column width=&#8221;1\/2&#8243; css=&#8221;.vc_custom_1541203460769{background-color: #1c1c1c !important;}&#8221;][vc_text_separator title=&#8221;Info&#8221;][vc_column_text]<strong>L&#8217;acc\u00e8s au galeries priv\u00e9es est r\u00e9serv\u00e9 \u00e0:<\/strong><\/p>\n<ul>\n<li>les personnes ayant pos\u00e9 pour moi gratuitement et qui sont publi\u00e9s sur ce site<\/li>\n<li>les mod\u00e8les qui sont disponible pour des s\u00e9ances photos<\/li>\n<li>les personnes qui ont fait un workshop, cours de photo, que ce soit avec leur propre mod\u00e8le ou avec une mod\u00e8le du site<\/li>\n<\/ul>\n<p>&nbsp;<\/p>\n<p><strong>Vous pouvez \u00e9galement:<\/strong><\/p>\n<ul>\n<li>faire un versement via paypal pour obtenir un acc\u00e8s privil\u00e9gi\u00e9, argent qui sera utilis\u00e9 pour acqu\u00e9rir du mat\u00e9riel, tenues, etc<\/li>\n<li>demander une s\u00e9ance sur un th\u00e8me pr\u00e9cis et payer pour les photos. (montant d\u00e9pendant du style, th\u00e8me, si photos que pour vous ou si vous autorisez la publication sur le site&#8230;)<\/li>\n<li>me proposer une mod\u00e8le &#8230; en fonction du th\u00e8me, de la mod\u00e8le, vous pouvez recevoir les photos, voir m\u00eame venir avec et assister \u00e0 la s\u00e9ance photo. A discuter mais avant tout il faut m&#8217;envoyer qques photos de la personne propos\u00e9e (par mail ou formulaire contact) pour que je voie si je suis int\u00e9ress\u00e9.<\/li>\n<\/ul>\n<p>&nbsp;<\/p>\n<p><strong>Autrement:<\/strong><\/p>\n<ul>\n<li>consultez les <a href=\"https:\/\/www.darkreflex.com\/dark\/galerie_public_1\/\">galeries public<\/a> qui sont en acc\u00e8s libre.<\/li>\n<\/ul>\n<p>Au plaisir.[\/vc_column_text][\/vc_column][vc_column width=&#8221;1\/2&#8243; css=&#8221;.vc_custom_1541203466363{background-color: #232323 !important;}&#8221;][vc_text_separator title=&#8221;Demande&#8221;]<noscript class=\"ninja-forms-noscript-message\">\n\tRemarque\u00a0: JavaScript est requis pour ce contenu.<\/noscript>\n<div id=\"nf-form-3-cont\" class=\"nf-form-cont\" aria-live=\"polite\" aria-labelledby=\"nf-form-title-3\" aria-describedby=\"nf-form-errors-3\" role=\"form\">\n\n    <div class=\"nf-loading-spinner\"><\/div>\n\n<\/div>\n        <!-- That data is being printed as a workaround to page builders reordering the order of the scripts loaded-->\n        <script>var formDisplay=1;var nfForms=nfForms||[];var form=[];form.id='3';form.settings={\"objectType\":\"Form Setting\",\"editActive\":true,\"title\":\"Demande acc\\u00e8s galerie priv\\u00e9es\",\"show_title\":1,\"clear_complete\":1,\"hide_complete\":1,\"default_label_pos\":\"above\",\"wrapper_class\":\"\",\"element_class\":\"\",\"key\":\"\",\"add_submit\":0,\"currency\":\"\",\"unique_field_error\":\"A form with this value has already been submitted.\",\"logged_in\":false,\"not_logged_in_msg\":\"\",\"sub_limit_msg\":\"The form has reached its submission limit.\",\"calculations\":[],\"formContentData\":[\"hr_1556656534878\",\"pour_acceder_je_1556656291173\",\"qui_1680451513370\",\"e-mail_1556656362510\",\"message_1556656375985\",\"submit_1556656246576\"],\"drawerDisabled\":false,\"allow_public_link\":0,\"embed_form\":\"\",\"changeEmailErrorMsg\":\"Veuillez saisir une adresse de messagerie valide. Ex\\u00a0: jean.dupont@gmail.com\",\"changeDateErrorMsg\":\"Veuillez saisir une date valide\\u00a0!\",\"confirmFieldErrorMsg\":\"Ces champs doivent correspondre\\u00a0!\",\"fieldNumberNumMinError\":\"Erreur de nombre min.\",\"fieldNumberNumMaxError\":\"Erreur de nombre max.\",\"fieldNumberIncrementBy\":\"Veuillez incr\\u00e9menter par \",\"formErrorsCorrectErrors\":\"Veuillez corriger les erreurs avant d\\u2019envoyer ce formulaire.\",\"validateRequiredField\":\"Ce champ est obligatoire.\",\"honeypotHoneypotError\":\"Erreur Honeypot\",\"fieldsMarkedRequired\":\"Les champs marqu\\u00e9s d\\u2019un <span class=\\\"ninja-forms-req-symbol\\\">*<\\\/span> sont obligatoires\",\"repeatable_fieldsets\":\"\",\"form_title_heading_level\":\"3\",\"ninjaForms\":\"Ninja Forms\",\"fieldTextareaRTEInsertLink\":\"Ins\\u00e9rer un lien\",\"fieldTextareaRTEInsertMedia\":\"Ins\\u00e9rer un m\\u00e9dia\",\"fieldTextareaRTESelectAFile\":\"S\\u00e9lectionnez un fichier\",\"formHoneypot\":\"Si vous \\u00eates un \\u00eatre humain et que vous voyez ce champ, veuillez le laisser vide.\",\"fileUploadOldCodeFileUploadInProgress\":\"T\\u00e9l\\u00e9versement du fichier en cours.\",\"fileUploadOldCodeFileUpload\":\"T\\u00c9L\\u00c9VERSEMENT DE FICHIER\",\"currencySymbol\":\"&#67;&#72;&#70;\",\"thousands_sep\":\"\\u00a0\",\"decimal_point\":\",\",\"siteLocale\":\"fr_FR\",\"dateFormat\":\"d\\\/m\\\/Y\",\"startOfWeek\":\"1\",\"of\":\"sur\",\"previousMonth\":\"Mois pr\\u00e9c\\u00e9dent\",\"nextMonth\":\"Mois suivant\",\"months\":[\"Janvier\",\"F\\u00e9vrier\",\"Mars\",\"Avril\",\"Mai\",\"Juin\",\"Juillet\",\"Ao\\u00fbt\",\"Septembre\",\"Octobre\",\"Novembre\",\"D\\u00e9cembre\"],\"monthsShort\":[\"Jan\",\"F\\u00e9v\",\"Mar\",\"Avr\",\"Mai\",\"Juin\",\"Juil\",\"Ao\\u00fb\",\"Sep\",\"Oct\",\"Nov\",\"D\\u00e9c\"],\"weekdays\":[\"Dimanche\",\"Lundi\",\"Mardi\",\"Mercredi\",\"Jeudi\",\"Vendredi\",\"Samedi\"],\"weekdaysShort\":[\"Dim\",\"Lun\",\"Mar\",\"Mer\",\"Jeu\",\"Ven\",\"Sam\"],\"weekdaysMin\":[\"Di\",\"Lu\",\"Ma\",\"Me\",\"Je\",\"Ve\",\"Sa\"],\"recaptchaConsentMissing\":\"reCaptcha validation couldn&#039;t load.\",\"recaptchaMissingCookie\":\"reCaptcha v3 validation couldn&#039;t load the cookie needed to submit the form.\",\"recaptchaConsentEvent\":\"Accept reCaptcha cookies before sending the form.\",\"currency_symbol\":\"\",\"beforeForm\":\"\",\"beforeFields\":\"\",\"afterFields\":\"\",\"afterForm\":\"\"};form.fields=[{\"objectType\":\"Field\",\"objectDomain\":\"fields\",\"editActive\":false,\"order\":1,\"idAttribute\":\"id\",\"label\":\"S\\u00e9parateur\",\"type\":\"hr\",\"container_class\":\"\",\"element_class\":\"\",\"key\":\"hr_1556656534878\",\"drawerDisabled\":false,\"id\":15,\"beforeField\":\"\",\"afterField\":\"\",\"value\":\"\",\"label_pos\":\"above\",\"parentType\":\"hr\",\"element_templates\":[\"hr\",\"input\"],\"old_classname\":\"\",\"wrap_template\":\"wrap\"},{\"objectType\":\"Field\",\"objectDomain\":\"fields\",\"editActive\":false,\"order\":2,\"idAttribute\":\"id\",\"label\":\"Pour acc\\u00e9der je...\",\"type\":\"listradio\",\"key\":\"pour_acceder_je_1556656291173\",\"label_pos\":\"above\",\"required\":1,\"options\":[{\"errors\":[],\"max_options\":0,\"label\":\"vais envoyer de l'argent par paypal (pour achat mat\\u00e9riel)...\",\"value\":\"vais envoyer de largent par paypal\",\"calc\":\"\",\"selected\":0,\"order\":0,\"settingModel\":{\"settings\":false,\"hide_merge_tags\":false,\"error\":false,\"name\":\"options\",\"type\":\"option-repeater\",\"label\":\"Options <a href=\\\"#\\\" class=\\\"nf-add-new\\\">Ajouter<\\\/a> <a href=\\\"#\\\" class=\\\"extra nf-open-import-tooltip\\\"><i class=\\\"fa fa-sign-in\\\" aria-hidden=\\\"true\\\"><\\\/i> Importer<\\\/a>\",\"width\":\"full\",\"group\":\"\",\"value\":[{\"label\":\"Un\",\"value\":\"un\",\"calc\":\"\",\"selected\":0,\"order\":0},{\"label\":\"Deux\",\"value\":\"deux\",\"calc\":\"\",\"selected\":0,\"order\":1},{\"label\":\"Trois\",\"value\":\"trois\",\"calc\":\"\",\"selected\":0,\"order\":2}],\"columns\":{\"label\":{\"header\":\"Libell\\u00e9\",\"default\":\"\"},\"value\":{\"header\":\"Valeur\",\"default\":\"\"},\"calc\":{\"header\":\"Valeur de calcul\",\"default\":\"\"},\"selected\":{\"header\":\"<span class=\\\"dashicons dashicons-yes\\\"><\\\/span>\",\"default\":0}}},\"manual_value\":true},{\"errors\":[],\"max_options\":0,\"label\":\"suis photographe, j'ai fait un worshop\\\/shooting...\",\"value\":\"suis photographe jai fait un worshopshooting...\",\"calc\":\"\",\"selected\":0,\"order\":1,\"settingModel\":{\"settings\":false,\"hide_merge_tags\":false,\"error\":false,\"name\":\"options\",\"type\":\"option-repeater\",\"label\":\"Options <a href=\\\"#\\\" class=\\\"nf-add-new\\\">Ajouter<\\\/a> <a href=\\\"#\\\" class=\\\"extra nf-open-import-tooltip\\\"><i class=\\\"fa fa-sign-in\\\" aria-hidden=\\\"true\\\"><\\\/i> Importer<\\\/a>\",\"width\":\"full\",\"group\":\"\",\"value\":[{\"label\":\"Un\",\"value\":\"un\",\"calc\":\"\",\"selected\":0,\"order\":0},{\"label\":\"Deux\",\"value\":\"deux\",\"calc\":\"\",\"selected\":0,\"order\":1},{\"label\":\"Trois\",\"value\":\"trois\",\"calc\":\"\",\"selected\":0,\"order\":2}],\"columns\":{\"label\":{\"header\":\"Libell\\u00e9\",\"default\":\"\"},\"value\":{\"header\":\"Valeur\",\"default\":\"\"},\"calc\":{\"header\":\"Valeur de calcul\",\"default\":\"\"},\"selected\":{\"header\":\"<span class=\\\"dashicons dashicons-yes\\\"><\\\/span>\",\"default\":0}}},\"manual_value\":true},{\"errors\":[],\"max_options\":0,\"label\":\"suis mod\\u00e8le et j'ai pos\\u00e9 pour vous...\",\"value\":\"suis modle et jai pos pour vous...\",\"calc\":\"\",\"selected\":0,\"order\":2,\"settingModel\":{\"settings\":false,\"hide_merge_tags\":false,\"error\":false,\"name\":\"options\",\"type\":\"option-repeater\",\"label\":\"Options <a href=\\\"#\\\" class=\\\"nf-add-new\\\">Ajouter<\\\/a> <a href=\\\"#\\\" class=\\\"extra nf-open-import-tooltip\\\"><i class=\\\"fa fa-sign-in\\\" aria-hidden=\\\"true\\\"><\\\/i> Importer<\\\/a>\",\"width\":\"full\",\"group\":\"\",\"value\":[{\"label\":\"Un\",\"value\":\"un\",\"calc\":\"\",\"selected\":0,\"order\":0},{\"label\":\"Deux\",\"value\":\"deux\",\"calc\":\"\",\"selected\":0,\"order\":1},{\"label\":\"Trois\",\"value\":\"trois\",\"calc\":\"\",\"selected\":0,\"order\":2}],\"columns\":{\"label\":{\"header\":\"Libell\\u00e9\",\"default\":\"\"},\"value\":{\"header\":\"Valeur\",\"default\":\"\"},\"calc\":{\"header\":\"Valeur de calcul\",\"default\":\"\"},\"selected\":{\"header\":\"<span class=\\\"dashicons dashicons-yes\\\"><\\\/span>\",\"default\":0}}},\"manual_value\":true}],\"container_class\":\"\",\"element_class\":\"\",\"admin_label\":\"\",\"help_text\":\"\",\"drawerDisabled\":false,\"id\":10,\"beforeField\":\"\",\"afterField\":\"\",\"value\":\"\",\"parentType\":\"list\",\"element_templates\":[\"listradio\",\"input\"],\"old_classname\":\"list-radio\",\"wrap_template\":\"wrap\"},{\"objectType\":\"Field\",\"objectDomain\":\"fields\",\"editActive\":false,\"order\":3,\"idAttribute\":\"id\",\"label\":\"Qui\",\"type\":\"firstname\",\"key\":\"qui_1680451513370\",\"label_pos\":\"above\",\"required\":1,\"default\":\"\",\"placeholder\":\"\",\"container_class\":\"\",\"element_class\":\"\",\"admin_label\":\"\",\"help_text\":\"\",\"custom_name_attribute\":\"fname\",\"personally_identifiable\":1,\"value\":\"\",\"id\":11,\"beforeField\":\"\",\"afterField\":\"\",\"parentType\":\"firstname\",\"element_templates\":[\"firstname\",\"input\"],\"old_classname\":\"\",\"wrap_template\":\"wrap\"},{\"objectType\":\"Field\",\"objectDomain\":\"fields\",\"editActive\":false,\"order\":4,\"idAttribute\":\"id\",\"label\":\"E-Mail\",\"type\":\"email\",\"key\":\"e-mail_1556656362510\",\"label_pos\":\"above\",\"required\":1,\"default\":\"\",\"placeholder\":\"\",\"container_class\":\"\",\"element_class\":\"\",\"admin_label\":\"\",\"help_text\":\"\",\"custom_name_attribute\":\"email\",\"personally_identifiable\":1,\"value\":\"\",\"drawerDisabled\":false,\"id\":12,\"beforeField\":\"\",\"afterField\":\"\",\"parentType\":\"email\",\"element_templates\":[\"email\",\"input\"],\"old_classname\":\"\",\"wrap_template\":\"wrap\"},{\"objectType\":\"Field\",\"objectDomain\":\"fields\",\"editActive\":false,\"order\":5,\"idAttribute\":\"id\",\"label\":\"Message\",\"type\":\"textarea\",\"key\":\"message_1556656375985\",\"label_pos\":\"above\",\"required\":false,\"default\":\"\",\"placeholder\":\"(si envoi argent, pr\\u00e9cisez combien. Vous pouvez aussi demander une s\\u00e9rie personnalis\\u00e9e ... offrez, demandez, et je r\\u00e9pondrai en fonction des possibilit\\u00e9s)\\n\\n(si photographe ou model ... donnez des infos)\",\"container_class\":\"\",\"element_class\":\"\",\"input_limit\":\"\",\"input_limit_type\":\"characters\",\"input_limit_msg\":\"Caract\\u00e8res restants\",\"manual_key\":false,\"admin_label\":\"\",\"help_text\":\"\",\"textarea_rte\":\"\",\"disable_rte_mobile\":\"\",\"textarea_media\":\"\",\"value\":\"\",\"drawerDisabled\":false,\"id\":13,\"beforeField\":\"\",\"afterField\":\"\",\"parentType\":\"textarea\",\"element_templates\":[\"textarea\",\"input\"],\"old_classname\":\"\",\"wrap_template\":\"wrap\"},{\"objectType\":\"Field\",\"objectDomain\":\"fields\",\"editActive\":false,\"order\":6,\"idAttribute\":\"id\",\"label\":\"Envoyer\",\"type\":\"submit\",\"processing_label\":\"En cours de traitement\",\"container_class\":\"\",\"element_class\":\"\",\"key\":\"submit_1556656246576\",\"drawerDisabled\":false,\"id\":14,\"beforeField\":\"\",\"afterField\":\"\",\"value\":\"\",\"label_pos\":\"above\",\"parentType\":\"textbox\",\"element_templates\":[\"submit\",\"button\",\"input\"],\"old_classname\":\"\",\"wrap_template\":\"wrap-no-label\"}];nfForms.push(form);<\/script>\n        [\/vc_column][\/vc_row][vc_row][vc_column][vc_empty_space height=&#8221;50px&#8221;][\/vc_column][\/vc_row]<\/p>\n","protected":false},"excerpt":{"rendered":"<p>[vc_row][vc_column width=&#8221;2\/3&#8243;][vc_column_text] a dark refleXion of our dark side Vous souhaitez acc\u00e9der aux\u00a0 galeries priv\u00e9es ? Demandez un acc\u00e8s aux galeries en fonction des points ci-dessous. Si vous avez pos\u00e9 pour moi: prouvez-le. Si\u00a0 vous avez pris un cours, pay\u00e9 un service: prouvez-le. Si vous souhaitez obtenir un acc\u00e8s en faisant un versement par paypal, [&hellip;]<\/p>\n","protected":false},"author":1,"featured_media":0,"parent":0,"menu_order":0,"comment_status":"closed","ping_status":"closed","template":"page-nosidebar.php","meta":{"footnotes":""},"class_list":["post-225","page","type-page","status-publish","hentry"],"_links":{"self":[{"href":"https:\/\/www.darkreflex.com\/dark\/wp-json\/wp\/v2\/pages\/225","targetHints":{"allow":["GET"]}}],"collection":[{"href":"https:\/\/www.darkreflex.com\/dark\/wp-json\/wp\/v2\/pages"}],"about":[{"href":"https:\/\/www.darkreflex.com\/dark\/wp-json\/wp\/v2\/types\/page"}],"author":[{"embeddable":true,"href":"https:\/\/www.darkreflex.com\/dark\/wp-json\/wp\/v2\/users\/1"}],"replies":[{"embeddable":true,"href":"https:\/\/www.darkreflex.com\/dark\/wp-json\/wp\/v2\/comments?post=225"}],"version-history":[{"count":20,"href":"https:\/\/www.darkreflex.com\/dark\/wp-json\/wp\/v2\/pages\/225\/revisions"}],"predecessor-version":[{"id":2791,"href":"https:\/\/www.darkreflex.com\/dark\/wp-json\/wp\/v2\/pages\/225\/revisions\/2791"}],"wp:attachment":[{"href":"https:\/\/www.darkreflex.com\/dark\/wp-json\/wp\/v2\/media?parent=225"}],"curies":[{"name":"wp","href":"https:\/\/api.w.org\/{rel}","templated":true}]}}