{"id":2740,"date":"2023-03-15T23:05:43","date_gmt":"2023-03-15T22:05:43","guid":{"rendered":"https:\/\/www.darkreflex.com\/dark\/?page_id=2740"},"modified":"2023-03-16T23:49:14","modified_gmt":"2023-03-16T22:49:14","slug":"galerie_photos","status":"publish","type":"page","link":"https:\/\/www.darkreflex.com\/dark\/galerie_photos\/","title":{"rendered":"Galeries Photos"},"content":{"rendered":"<p>[vc_row cth_layout=&#8221;bloom_page_sec&#8221; is_fullwidth=&#8221;yes&#8221; no_padding=&#8221;yes&#8221;][vc_column][bloom_portfolio_details]Apr\u00e8s avoir mis la souris en dessus d&#8217;une galerie,\u00a0<span style=\"color: #ffff00;\">cliquez sur le titre qui appara\u00eet en bas \u00e0 gauche<\/span> pour y acc\u00e9der.\u00a0Sur <span style=\"color: #ffff00;\"><strong>mobile<\/strong><\/span>, un premier tap pour voir le titre, un 2eme pour entrer dans la galerie.<\/p>\n<p><span style=\"color: #ff0000;\"><strong>ATTENTION &#8230;<\/strong> <\/span>les galeries &#8220;priv\u00e9es&#8221; ont un acc\u00e8s r\u00e9serv\u00e9. Voyez les conditions sur la page de demande d\u2019acc\u00e8s. ( <strong><a href=\"https:\/\/darkreflex.com\/dark\/demande-acces-galeries-privee\/\">formulaire de demande d\u2019acc\u00e8s<\/a><\/strong>. )<\/p>\n<p>Pour vous \u00e9viter de cliquer sur les galeries priv\u00e9es que vous n&#8217;auriez pas le droit de voir, s\u00e9lectionnez &#8220;acc\u00e8s public 1&#8221; ou &#8220;acc\u00e8s public 2&#8243;.[\/bloom_portfolio_details][\/vc_column][\/vc_row][vc_row cth_layout=&#8221;bloom_page_sec&#8221; is_fullwidth=&#8221;yes&#8221; no_padding=&#8221;yes&#8221;][vc_column][bloom_portfolios cat_order=&#8221;DESC&#8221; hoz_style=&#8221;three&#8221; columns_grid=&#8221;four&#8221; spacing=&#8221;medium&#8221; show_counter=&#8221;no&#8221; show_share=&#8221;no&#8221;][\/vc_column][\/vc_row]<\/p>\n","protected":false},"excerpt":{"rendered":"<p>[vc_row cth_layout=&#8221;bloom_page_sec&#8221; is_fullwidth=&#8221;yes&#8221; no_padding=&#8221;yes&#8221;][vc_column][bloom_portfolio_details]Apr\u00e8s avoir mis la souris en dessus d&#8217;une galerie,\u00a0cliquez sur le titre qui appara\u00eet en bas \u00e0 gauche pour y acc\u00e9der.\u00a0Sur mobile, un premier tap pour voir le titre, un 2eme pour entrer dans la galerie. ATTENTION &#8230; les galeries &#8220;priv\u00e9es&#8221; ont un acc\u00e8s r\u00e9serv\u00e9. Voyez les conditions sur la page de [&hellip;]<\/p>\n","protected":false},"author":1,"featured_media":0,"parent":0,"menu_order":0,"comment_status":"closed","ping_status":"closed","template":"page-fullwidth.php","meta":{"footnotes":""},"class_list":["post-2740","page","type-page","status-publish","hentry"],"_links":{"self":[{"href":"https:\/\/www.darkreflex.com\/dark\/wp-json\/wp\/v2\/pages\/2740","targetHints":{"allow":["GET"]}}],"collection":[{"href":"https:\/\/www.darkreflex.com\/dark\/wp-json\/wp\/v2\/pages"}],"about":[{"href":"https:\/\/www.darkreflex.com\/dark\/wp-json\/wp\/v2\/types\/page"}],"author":[{"embeddable":true,"href":"https:\/\/www.darkreflex.com\/dark\/wp-json\/wp\/v2\/users\/1"}],"replies":[{"embeddable":true,"href":"https:\/\/www.darkreflex.com\/dark\/wp-json\/wp\/v2\/comments?post=2740"}],"version-history":[{"count":28,"href":"https:\/\/www.darkreflex.com\/dark\/wp-json\/wp\/v2\/pages\/2740\/revisions"}],"predecessor-version":[{"id":2770,"href":"https:\/\/www.darkreflex.com\/dark\/wp-json\/wp\/v2\/pages\/2740\/revisions\/2770"}],"wp:attachment":[{"href":"https:\/\/www.darkreflex.com\/dark\/wp-json\/wp\/v2\/media?parent=2740"}],"curies":[{"name":"wp","href":"https:\/\/api.w.org\/{rel}","templated":true}]}}